{"id":28,"date":"2024-01-17T15:05:17","date_gmt":"2024-01-17T15:05:17","guid":{"rendered":"https:\/\/dasc.stg.clp.eu1.madetight.io\/?page_id=28"},"modified":"2025-12-02T11:22:33","modified_gmt":"2025-12-02T11:22:33","slug":"location","status":"publish","type":"page","link":"https:\/\/dasc.stg.clp.eu1.madetight.io\/en\/location\/","title":{"rendered":"Location"},"content":{"rendered":"<section class=\"banner-section wide\" \n    data-desktop-bg=\"https:\/\/dasc.stg.clp.eu1.madetight.io\/wp-content\/uploads\/2024\/02\/TERENI1.jpg\"\n    data-mobile-bg=\"https:\/\/dasc.stg.clp.eu1.madetight.io\/wp-content\/uploads\/2024\/02\/TERENI1.jpg\"\n>\n    <div class=\"banner-content\">\n        <h1>Location<\/h1>\n        <p>The camp will be held from July 01, 2024, to July 13, 2024, at the &#8216;Kovilovo Resort&#8217; in Belgrade. <br \/>\r\nThe camp will be divided into two sessions, each lasting 5 days. <br \/>\r\nThe first session will run from July 01 to July 07, 2024, and <br \/>\r\nthe second session will run from July 07 to July 13, 2024.<\/p>\n    <\/div>\n            <div class=\"banner-video\">\n            <video poster=\"https:\/\/dasc.stg.clp.eu1.madetight.io\/wp-content\/uploads\/2024\/02\/TERENI1.jpg\" autoplay muted loop playsinline class=\"fullsize-video\">\n                <source src=\"https:\/\/dasc.stg.clp.eu1.madetight.io\/wp-content\/uploads\/2024\/02\/location.mp4\" type=\"video\/mp4\">\n            <\/video>\n        <\/div>\n        <div class=\"yt-overlay up\"><\/div>\n    <div class=\"yt-overlay down\"><\/div>\n<\/section>\n\n<script>\n\/\/ Immediately set the background when the element is parsed\n(function() {\n    function updateBannerBackground() {\n        const banner = document.querySelector('.banner-section');\n        if (!banner) return;\n\n        const isMobile = window.innerWidth <= 768;\n        const image = isMobile \n            ? banner.getAttribute('data-mobile-bg') \n            : banner.getAttribute('data-desktop-bg');\n        banner.style.backgroundImage = `url('${image}')`;\n    }\n\n    \/\/ Initial call to set background immediately\n    updateBannerBackground();\n    \/\/ Update on resize\n    window.addEventListener('resize', updateBannerBackground);\n})();\n<\/script>\n\n\n<section id=\"two-col-text-block_bf2212225723e7922a69b1774c4a9891\" class=\"two-column-text-block anim-section\">\n    <div class=\"two-column-text-block__inner content-wrapper\">\n        <div class=\"text-media-block__copy anim-text\">\n                            <h3 class=\"small with-decoration two-column-text-block__heading reveal-text\">\n                    OMNI CENTAR                 <\/h3>\n                    <\/div>\n\n        <div class=\"two-column-text-block__content\">\n                            <div class=\"two-column-text-block__column two-column-text-block__column--left anim-text\">\n                    <p>Omni Center is becoming the new training camp location, offering top-tier conditions for professional athletes. Over the years, numerous teams and national selections from Serbia and across Europe have experienced the quality of its complete sports infrastructure and premium accommodation.<\/p>\n<p>Modern fields, sports halls, and fitness facilities \u2014 combined with comfortable, high-class lodging \u2014 make Omni Center the ideal place for intensive and efficient training, all in one location.<\/p>\n                <\/div>\n            \n                            <div class=\"two-column-text-block__column two-column-text-block__column--right anim-text\">\n                    <p>Omni Center provides a modern fitness and gym area designed to support your health, energy, and training routine. Whether you\u2019re maintaining your regular workouts or starting fresh, our space offers everything you need in a comfortable and motivating environment.<\/p>\n                <\/div>\n                    <\/div>\n    <\/div>\n<\/section>\n\n<section class=\"location-block wrapper anim-section\">\n    <div class=\"holder\">\n        <div class=\"left-side\">\n                        <div class=\"reveal anim-image\">\n                <img decoding=\"async\" src=\"https:\/\/dasc.stg.clp.eu1.madetight.io\/wp-content\/uploads\/2024\/02\/mapa.png\"\n                    alt=\"\">\n            <\/div>\n        <\/div>\n        <div class=\"right-side anim-text\">\n            <h3 class=\"small with-decoration reveal-text\">\n                Directions            <\/h3>\n            <p class=\"anim-text\">\n                <p>Kovilovo Resort is situated close to Belgrade, merely a 20-minute drive from the city center, offering a quick and convenient escape to nature without straying far from urban conveniences.<\/p>\n            <\/p>\n            <button class=\"with-arrow anim-button\"\n                onclick=\"window.location.href = 'https:\/\/www.google.com\/maps\/place\/%D0%9A%D0%BE%D0%B2%D0%B8%D0%BB%D0%BE%D0%B2%D0%BE+%D0%A0%D0%B8%D0%B7%D0%BE%D1%80%D1%82\/@44.9140569,20.4602157,17z\/data=!3m1!4b1!4m9!3m8!1s0x475a639d612b6af3:0x215f1c95ee5f9a0b!5m2!4m1!1i2!8m2!3d44.9140531!4d20.4627906!16s%2Fg%2F11f3wmcshs?entry=ttu';\">\n                GOOGLE MAPS            <\/button>\n        <\/div>\n    <\/div>\n<\/section>","protected":false},"excerpt":{"rendered":"","protected":false},"author":1,"featured_media":0,"parent":0,"menu_order":4,"comment_status":"closed","ping_status":"closed","template":"","meta":{"inline_featured_image":false,"footnotes":""},"class_list":["post-28","page","type-page","status-publish","hentry"],"acf":[],"yoast_head":"<!-- This site is optimized with the Yoast SEO plugin v22.2 - https:\/\/yoast.com\/wordpress\/plugins\/seo\/ -->\n<title>Location - Danilo An\u0111u\u0161i\u0107 Basktball Camp<\/title>\n<meta name=\"description\" content=\"The perfect location for honing your basketball skills. Experience top-notch coaching and facilities in a stunning setting.\" \/>\n<meta name=\"robots\" content=\"index, follow, max-snippet:-1, max-image-preview:large, max-video-preview:-1\" \/>\n<link rel=\"canonical\" href=\"https:\/\/dasc.stg.clp.eu1.madetight.io\/en\/location\/\" \/>\n<meta property=\"og:locale\" content=\"en_US\" \/>\n<meta property=\"og:type\" content=\"article\" \/>\n<meta property=\"og:title\" content=\"Location - Danilo An\u0111u\u0161i\u0107 Basktball Camp\" \/>\n<meta property=\"og:description\" content=\"The perfect location for honing your basketball skills. Experience top-notch coaching and facilities in a stunning setting.\" \/>\n<meta property=\"og:url\" content=\"https:\/\/dasc.stg.clp.eu1.madetight.io\/en\/location\/\" \/>\n<meta property=\"og:site_name\" content=\"DANILO AN\u0110U\u0160I\u0106 SHOOTING CAMP\" \/>\n<meta property=\"article:modified_time\" content=\"2025-12-02T11:22:33+00:00\" \/>\n<meta property=\"og:image\" content=\"https:\/\/dasc.stg.clp.eu1.madetight.io\/wp-content\/uploads\/2024\/03\/danilo-andjusic-shooting-camp-og-image.png\" \/>\n\t<meta property=\"og:image:width\" content=\"2048\" \/>\n\t<meta property=\"og:image:height\" content=\"1024\" \/>\n\t<meta property=\"og:image:type\" content=\"image\/png\" \/>\n<meta name=\"twitter:card\" content=\"summary_large_image\" \/>\n<script type=\"application\/ld+json\" class=\"yoast-schema-graph\">{\"@context\":\"https:\/\/schema.org\",\"@graph\":[{\"@type\":\"WebPage\",\"@id\":\"https:\/\/dasc.stg.clp.eu1.madetight.io\/en\/location\/\",\"url\":\"https:\/\/dasc.stg.clp.eu1.madetight.io\/en\/location\/\",\"name\":\"Location - Danilo An\u0111u\u0161i\u0107 Basktball Camp\",\"isPartOf\":{\"@id\":\"https:\/\/dasc.stg.clp.eu1.madetight.io\/#website\"},\"datePublished\":\"2024-01-17T15:05:17+00:00\",\"dateModified\":\"2025-12-02T11:22:33+00:00\",\"description\":\"The perfect location for honing your basketball skills. Experience top-notch coaching and facilities in a stunning setting.\",\"breadcrumb\":{\"@id\":\"https:\/\/dasc.stg.clp.eu1.madetight.io\/en\/location\/#breadcrumb\"},\"inLanguage\":\"en-US\",\"potentialAction\":[{\"@type\":\"ReadAction\",\"target\":[\"https:\/\/dasc.stg.clp.eu1.madetight.io\/en\/location\/\"]}]},{\"@type\":\"BreadcrumbList\",\"@id\":\"https:\/\/dasc.stg.clp.eu1.madetight.io\/en\/location\/#breadcrumb\",\"itemListElement\":[{\"@type\":\"ListItem\",\"position\":1,\"name\":\"Home\",\"item\":\"https:\/\/dasc.stg.clp.eu1.madetight.io\/en\/\"},{\"@type\":\"ListItem\",\"position\":2,\"name\":\"Location\"}]},{\"@type\":\"WebSite\",\"@id\":\"https:\/\/dasc.stg.clp.eu1.madetight.io\/#website\",\"url\":\"https:\/\/dasc.stg.clp.eu1.madetight.io\/\",\"name\":\"andjusicshootingcamp.com\",\"description\":\"Pridru\u017eite se na\u0161em ko\u0161arka\u0161kom kampu od 1. do 13. jula.\",\"publisher\":{\"@id\":\"https:\/\/dasc.stg.clp.eu1.madetight.io\/#organization\"},\"alternateName\":\"AN\u0110U\u0160I\u0106 SHOOTING CAMP\",\"potentialAction\":[{\"@type\":\"SearchAction\",\"target\":{\"@type\":\"EntryPoint\",\"urlTemplate\":\"https:\/\/dasc.stg.clp.eu1.madetight.io\/?s={search_term_string}\"},\"query-input\":\"required name=search_term_string\"}],\"inLanguage\":\"en-US\"},{\"@type\":\"Organization\",\"@id\":\"https:\/\/dasc.stg.clp.eu1.madetight.io\/#organization\",\"name\":\"andjusicshootingcamp.com\",\"alternateName\":\"AN\u0110U\u0160I\u0106 SHOOTING CAMP\",\"url\":\"https:\/\/dasc.stg.clp.eu1.madetight.io\/\",\"logo\":{\"@type\":\"ImageObject\",\"inLanguage\":\"en-US\",\"@id\":\"https:\/\/dasc.stg.clp.eu1.madetight.io\/#\/schema\/logo\/image\/\",\"url\":\"https:\/\/dasc.stg.clp.eu1.madetight.io\/wp-content\/uploads\/2024\/03\/favicon-1.png\",\"contentUrl\":\"https:\/\/dasc.stg.clp.eu1.madetight.io\/wp-content\/uploads\/2024\/03\/favicon-1.png\",\"width\":480,\"height\":480,\"caption\":\"andjusicshootingcamp.com\"},\"image\":{\"@id\":\"https:\/\/dasc.stg.clp.eu1.madetight.io\/#\/schema\/logo\/image\/\"},\"sameAs\":[\"https:\/\/www.instagram.com\/daniloandjusic.shootingcamp\/\"]}]}<\/script>\n<!-- \/ Yoast SEO plugin. -->","yoast_head_json":{"title":"Location - Danilo An\u0111u\u0161i\u0107 Basktball Camp","description":"The perfect location for honing your basketball skills. Experience top-notch coaching and facilities in a stunning setting.","robots":{"index":"index","follow":"follow","max-snippet":"max-snippet:-1","max-image-preview":"max-image-preview:large","max-video-preview":"max-video-preview:-1"},"canonical":"https:\/\/dasc.stg.clp.eu1.madetight.io\/en\/location\/","og_locale":"en_US","og_type":"article","og_title":"Location - Danilo An\u0111u\u0161i\u0107 Basktball Camp","og_description":"The perfect location for honing your basketball skills. Experience top-notch coaching and facilities in a stunning setting.","og_url":"https:\/\/dasc.stg.clp.eu1.madetight.io\/en\/location\/","og_site_name":"DANILO AN\u0110U\u0160I\u0106 SHOOTING CAMP","article_modified_time":"2025-12-02T11:22:33+00:00","og_image":[{"width":2048,"height":1024,"url":"https:\/\/dasc.stg.clp.eu1.madetight.io\/wp-content\/uploads\/2024\/03\/danilo-andjusic-shooting-camp-og-image.png","type":"image\/png"}],"twitter_card":"summary_large_image","schema":{"@context":"https:\/\/schema.org","@graph":[{"@type":"WebPage","@id":"https:\/\/dasc.stg.clp.eu1.madetight.io\/en\/location\/","url":"https:\/\/dasc.stg.clp.eu1.madetight.io\/en\/location\/","name":"Location - Danilo An\u0111u\u0161i\u0107 Basktball Camp","isPartOf":{"@id":"https:\/\/dasc.stg.clp.eu1.madetight.io\/#website"},"datePublished":"2024-01-17T15:05:17+00:00","dateModified":"2025-12-02T11:22:33+00:00","description":"The perfect location for honing your basketball skills. Experience top-notch coaching and facilities in a stunning setting.","breadcrumb":{"@id":"https:\/\/dasc.stg.clp.eu1.madetight.io\/en\/location\/#breadcrumb"},"inLanguage":"en-US","potentialAction":[{"@type":"ReadAction","target":["https:\/\/dasc.stg.clp.eu1.madetight.io\/en\/location\/"]}]},{"@type":"BreadcrumbList","@id":"https:\/\/dasc.stg.clp.eu1.madetight.io\/en\/location\/#breadcrumb","itemListElement":[{"@type":"ListItem","position":1,"name":"Home","item":"https:\/\/dasc.stg.clp.eu1.madetight.io\/en\/"},{"@type":"ListItem","position":2,"name":"Location"}]},{"@type":"WebSite","@id":"https:\/\/dasc.stg.clp.eu1.madetight.io\/#website","url":"https:\/\/dasc.stg.clp.eu1.madetight.io\/","name":"andjusicshootingcamp.com","description":"Pridru\u017eite se na\u0161em ko\u0161arka\u0161kom kampu od 1. do 13. jula.","publisher":{"@id":"https:\/\/dasc.stg.clp.eu1.madetight.io\/#organization"},"alternateName":"AN\u0110U\u0160I\u0106 SHOOTING CAMP","potentialAction":[{"@type":"SearchAction","target":{"@type":"EntryPoint","urlTemplate":"https:\/\/dasc.stg.clp.eu1.madetight.io\/?s={search_term_string}"},"query-input":"required name=search_term_string"}],"inLanguage":"en-US"},{"@type":"Organization","@id":"https:\/\/dasc.stg.clp.eu1.madetight.io\/#organization","name":"andjusicshootingcamp.com","alternateName":"AN\u0110U\u0160I\u0106 SHOOTING CAMP","url":"https:\/\/dasc.stg.clp.eu1.madetight.io\/","logo":{"@type":"ImageObject","inLanguage":"en-US","@id":"https:\/\/dasc.stg.clp.eu1.madetight.io\/#\/schema\/logo\/image\/","url":"https:\/\/dasc.stg.clp.eu1.madetight.io\/wp-content\/uploads\/2024\/03\/favicon-1.png","contentUrl":"https:\/\/dasc.stg.clp.eu1.madetight.io\/wp-content\/uploads\/2024\/03\/favicon-1.png","width":480,"height":480,"caption":"andjusicshootingcamp.com"},"image":{"@id":"https:\/\/dasc.stg.clp.eu1.madetight.io\/#\/schema\/logo\/image\/"},"sameAs":["https:\/\/www.instagram.com\/daniloandjusic.shootingcamp\/"]}]}},"_links":{"self":[{"href":"https:\/\/dasc.stg.clp.eu1.madetight.io\/en\/wp-json\/wp\/v2\/pages\/28","targetHints":{"allow":["GET"]}}],"collection":[{"href":"https:\/\/dasc.stg.clp.eu1.madetight.io\/en\/wp-json\/wp\/v2\/pages"}],"about":[{"href":"https:\/\/dasc.stg.clp.eu1.madetight.io\/en\/wp-json\/wp\/v2\/types\/page"}],"author":[{"embeddable":true,"href":"https:\/\/dasc.stg.clp.eu1.madetight.io\/en\/wp-json\/wp\/v2\/users\/1"}],"replies":[{"embeddable":true,"href":"https:\/\/dasc.stg.clp.eu1.madetight.io\/en\/wp-json\/wp\/v2\/comments?post=28"}],"version-history":[{"count":42,"href":"https:\/\/dasc.stg.clp.eu1.madetight.io\/en\/wp-json\/wp\/v2\/pages\/28\/revisions"}],"predecessor-version":[{"id":1498,"href":"https:\/\/dasc.stg.clp.eu1.madetight.io\/en\/wp-json\/wp\/v2\/pages\/28\/revisions\/1498"}],"wp:attachment":[{"href":"https:\/\/dasc.stg.clp.eu1.madetight.io\/en\/wp-json\/wp\/v2\/media?parent=28"}],"curies":[{"name":"wp","href":"https:\/\/api.w.org\/{rel}","templated":true}]}}