{"id":24,"date":"2024-01-17T15:04:12","date_gmt":"2024-01-17T15:04:12","guid":{"rendered":"https:\/\/dasc.stg.clp.eu1.madetight.io\/?page_id=24"},"modified":"2025-01-28T11:36:10","modified_gmt":"2025-01-28T11:36:10","slug":"coaches","status":"publish","type":"page","link":"https:\/\/dasc.stg.clp.eu1.madetight.io\/en\/coaches\/","title":{"rendered":"Coaches"},"content":{"rendered":"<section class=\"banner-section wide\" \n    data-desktop-bg=\"https:\/\/dasc.stg.clp.eu1.madetight.io\/wp-content\/uploads\/2024\/03\/5152000.png\"\n    data-mobile-bg=\"https:\/\/dasc.stg.clp.eu1.madetight.io\/wp-content\/uploads\/2024\/03\/5152000.png\"\n>\n    <div class=\"banner-content\">\n        <h1>Coaches &#038; Staff<\/h1>\n        <p>The camp will take place from July 01, 2024, to July 13, 2024, at the &#8216;Kovilovo Resort&#8217; in Belgrade. <br \/>\r\nThe camp will be divided into two shifts, each lasting 5 days.<\/p>\n    <\/div>\n        <div class=\"yt-overlay up\"><\/div>\n    <div class=\"yt-overlay down\"><\/div>\n<\/section>\n\n<script>\n\/\/ Immediately set the background when the element is parsed\n(function() {\n    function updateBannerBackground() {\n        const banner = document.querySelector('.banner-section');\n        if (!banner) return;\n\n        const isMobile = window.innerWidth <= 768;\n        const image = isMobile \n            ? banner.getAttribute('data-mobile-bg') \n            : banner.getAttribute('data-desktop-bg');\n        banner.style.backgroundImage = `url('${image}')`;\n    }\n\n    \/\/ Initial call to set background immediately\n    updateBannerBackground();\n    \/\/ Update on resize\n    window.addEventListener('resize', updateBannerBackground);\n})();\n<\/script>\n\n\n<section class=\"image-text-cols content-wrapper half-width anim-section \" id=\"half-width-col-block\">\n    <div class=\"two-col-holder wide-cols\">\n        <div class=\"col right\">\n        <div class=\"reveal anim-image\">\n            <img decoding=\"async\" class=\"img-anim\" src=\"https:\/\/dasc.stg.clp.eu1.madetight.io\/wp-content\/uploads\/2024\/02\/uros.png\" alt=\"\">\n        <\/div>\n        <\/div>\n        <div class=\"col left anim-text\">\n            <div class=\"title-holder with-decoration\">\n                <h3 class=\"reveal-text\">Uros Dragi\u0107evi\u0107<\/h3>\n                <p>Head Coach\/Coordinator<\/p>\n            <\/div>\n            <p>Uro\u0161 Dragi\u0107evi\u0107 is currently an assistant coach at the EuroLeague club AS Monaco. For the past 5 years (2018-2023), Uro\u0161 worked as an individual coach in Madrid. During this period, he collaborated with top European and NBA players such as Usman Garuba, Trey Thompkins, Anthony Randolph, Danilo Andjusic, EJ Rowland, Felipe dos Anjos, Shannon Evans, and many others. Additionally, our head coach has experience working with younger age groups.<\/p>\n<p>As a head coach, he participated in the Jr. NBA league, where he became the champion of the Eastern Conference and secured a second-place finish.<\/p>\n        <\/div>\n    <\/div>\n<\/section>\n\n\n<section class=\"image-text-cols content-wrapper half-width anim-section reversed\" id=\"half-width-col-block\">\n    <div class=\"two-col-holder wide-cols\">\n        <div class=\"col right\">\n        <div class=\"reveal anim-image\">\n            <img decoding=\"async\" class=\"img-anim\" src=\"https:\/\/dasc.stg.clp.eu1.madetight.io\/wp-content\/uploads\/2024\/02\/WhatsApp-Image-2024-02-08-at-11.53.50.jpeg\" alt=\"\">\n        <\/div>\n        <\/div>\n        <div class=\"col left anim-text\">\n            <div class=\"title-holder with-decoration\">\n                <h3 class=\"reveal-text\">Ljubomir Ljuba Kolarevi\u0107<\/h3>\n                <p>Assistant Coach<\/p>\n            <\/div>\n            <p>Coach Ljuba Kolarevi\u0107 is the coach with whom Danilo An\u0111u\u0161i\u0107 took his first basketball steps. He played a crucial role in the early years of Danilo&#8217;s career, teaching him the fundamentals and instilling the true values necessary for a top athlete to learn in the early stages of their career, to later carry into the professional level. Ljuba boasts a rich international career and is currently the head coach in the women&#8217;s Romanian National League at ACS KSE Targu Secuiesc. He has also worked as an assistant for the Romanian women&#8217;s under-20 national team. Coach Ljuba takes pride in his qualities of communication, discipline, and natural leadership instinct.<\/p>\n        <\/div>\n    <\/div>\n<\/section>\n\n\n<section class=\"image-text-cols content-wrapper half-width anim-section \" id=\"half-width-col-block\">\n    <div class=\"two-col-holder wide-cols\">\n        <div class=\"col right\">\n        <div class=\"reveal anim-image\">\n            <img decoding=\"async\" class=\"img-anim\" src=\"https:\/\/dasc.stg.clp.eu1.madetight.io\/wp-content\/uploads\/2024\/05\/trener.jpg\" alt=\"\">\n        <\/div>\n        <\/div>\n        <div class=\"col left anim-text\">\n            <div class=\"title-holder with-decoration\">\n                <h3 class=\"reveal-text\">Marko Nestorov\u0107 Stone<\/h3>\n                <p>Assistant coach<\/p>\n            <\/div>\n            <p>Coach Marko is coming from Novi Sad, Serbia &amp; he&#8217;s been coaching for the past 22 years. First in Serbia and for the last 9 years he&#8217;s been in Russia where he worked for Nizhny Novgorod and now at the Green Hill where he is a head coach and youth selection coordinator.<br \/>\nCoach Marko is founder of the first Shooting Camp in Russia called &#8211; &#8216;Master Shooting Camp.&#8217; Also, he spent 2 weeks in Denver back in 2018 where he had a chance to learn and develop while closely working with the Denver Nuggets team.<\/p>\n        <\/div>\n    <\/div>\n<\/section>\n\n\n<section class=\"image-text-cols content-wrapper half-width anim-section reversed\" id=\"half-width-col-block\">\n    <div class=\"two-col-holder wide-cols\">\n        <div class=\"col right\">\n        <div class=\"reveal anim-image\">\n            <img decoding=\"async\" class=\"img-anim\" src=\"https:\/\/dasc.stg.clp.eu1.madetight.io\/wp-content\/uploads\/2024\/02\/Pavle.png\" alt=\"\">\n        <\/div>\n        <\/div>\n        <div class=\"col left anim-text\">\n            <div class=\"title-holder with-decoration\">\n                <h3 class=\"reveal-text\">Pavle Badovinac<\/h3>\n                <p>Assistant Coach<\/p>\n            <\/div>\n            <p>Coach Pavle is a young coach with great future. Recently, he was added to a Basketball Club Partizan\u2019s coaching staff to work along great Zeljko Obradovic. His primary obligations in BC Partizan is \u2018Live Scouting,\u2019 which can be crucial during the games. Before being promoted to the first team, coach Pavle went through entire Partizan development program, working with some of the most talented players in Serbia. He was also a Head Coach at the U17 Partizan Team.<\/p>\n        <\/div>\n    <\/div>\n<\/section>\n\n\n<section class=\"image-text-cols content-wrapper half-width anim-section \" id=\"half-width-col-block\">\n    <div class=\"two-col-holder wide-cols\">\n        <div class=\"col right\">\n        <div class=\"reveal anim-image\">\n            <img decoding=\"async\" class=\"img-anim\" src=\"https:\/\/dasc.stg.clp.eu1.madetight.io\/wp-content\/uploads\/2024\/02\/zarko-djuric.png\" alt=\"\">\n        <\/div>\n        <\/div>\n        <div class=\"col left anim-text\">\n            <div class=\"title-holder with-decoration\">\n                <h3 class=\"reveal-text\">Zarko Djuri\u0107<\/h3>\n                <p>Assistant Coach<\/p>\n            <\/div>\n            <p>Zarko is still active basketball player at the \u2018BC Dinamo\u2019 from Bucharest, Romania. As a player, he played in many different countries across Europe such as: Hungary, Romania, Slovakia, Serbia, Croatia. During the summer breaks, in the off season, Zarko also have experience working as a coach at the camps throughout the Serbia, as well as at the international basketball camp in Hungary. Zarko\u2019s ambitions are to fully transfer himself to the coaching waters after he is finished with playing. This is a great opportunity for our campers to work and learn from one very dedicated professional basketball player, soon to be a great coach.<\/p>\n        <\/div>\n    <\/div>\n<\/section>\n\n\n<section class=\"image-text-cols content-wrapper half-width anim-section reversed\" id=\"half-width-col-block\">\n    <div class=\"two-col-holder wide-cols\">\n        <div class=\"col right\">\n        <div class=\"reveal anim-image\">\n            <img decoding=\"async\" class=\"img-anim\" src=\"https:\/\/dasc.stg.clp.eu1.madetight.io\/wp-content\/uploads\/2024\/02\/WhatsApp-Image-2024-02-08-at-12.03.42.jpeg\" alt=\"\">\n        <\/div>\n        <\/div>\n        <div class=\"col left anim-text\">\n            <div class=\"title-holder with-decoration\">\n                <h3 class=\"reveal-text\">Pablo Garrido-Lestache<\/h3>\n                <p>Assistant Coach<\/p>\n            <\/div>\n            <p>Pablo is a young coach coming from Madrid, Spain. Coach Pablo is currently a basketball coordinator at the \u2018Club Baloncesto Las Rozas,\u2019 in Spain. Coach Pablo have experience as head coaching working with youth. Besides being involved in basketball operations in his club, Pablo also has experience in working with professional players on player\u2019s development in the off season. Aa a true \u2018student\u2019 of the game, coach Pablo will present us with different ideas and tactics from Spain, which is one of the basketball power-houses in the world for the past 20 years.<\/p>\n        <\/div>\n    <\/div>\n<\/section>\n\n\n<section class=\"image-text-cols content-wrapper half-width anim-section \" id=\"half-width-col-block\">\n    <div class=\"two-col-holder wide-cols\">\n        <div class=\"col right\">\n        <div class=\"reveal anim-image\">\n            <img decoding=\"async\" class=\"img-anim\" src=\"https:\/\/dasc.stg.clp.eu1.madetight.io\/wp-content\/uploads\/2024\/02\/djordje.png\" alt=\"\">\n        <\/div>\n        <\/div>\n        <div class=\"col left anim-text\">\n            <div class=\"title-holder with-decoration\">\n                <h3 class=\"reveal-text\">Dr Djordje Kold\u017eic<\/h3>\n                <p>Mental Coach<\/p>\n            <\/div>\n            <p>Dr \u0110or\u0111e N. Kold\u017ei\u0107 is a mental coach born in Belgrade. Dr. Kold\u017ei\u0107 completed his medical studies at the Faculty of Medicine, University of Belgrade, and his postdoctoral studies at Harvard University, one of the most prestigious universities in the world.<br \/>\nIn 2013, Dr Kold\u017ei\u0107 developed and led a psychological preparation and mental training program for Serbian Olympians. Over fifty elite athletes have undergone this program, achieving numerous medals at the Olympic Games in Rio and multiple world and European championships from 2013 to the present.<\/p>\n        <\/div>\n    <\/div>\n<\/section>\n\n\n<section class=\"image-text-cols content-wrapper half-width anim-section reversed\" id=\"half-width-col-block\">\n    <div class=\"two-col-holder wide-cols\">\n        <div class=\"col right\">\n        <div class=\"reveal anim-image\">\n            <img decoding=\"async\" class=\"img-anim\" src=\"https:\/\/dasc.stg.clp.eu1.madetight.io\/wp-content\/uploads\/2024\/02\/maja-babic.png\" alt=\"\">\n        <\/div>\n        <\/div>\n        <div class=\"col left anim-text\">\n            <div class=\"title-holder with-decoration\">\n                <h3 class=\"reveal-text\">Maja Babi\u0107<\/h3>\n                <p>Nuticionist<\/p>\n            <\/div>\n            <p>Maja Babi\u0107, founder of the &#8216;MayaMayo Center,&#8217; the first in Serbia dedicated to lifestyle medicine and nutrition. Maja began her journey towards an exceptional career in Lifestyle Medicine by pursuing a master&#8217;s in food technology and continued her education at prestigious institutions. She completed her training at Harvard, one of the most renowned universities. Maja&#8217;s goal is to encourage people to take control of their health and learn how to live in harmony with their best versions. Completed training as a health &amp; wellness coach at the Mayo Clinic.<\/p>\n        <\/div>\n    <\/div>\n<\/section>\n\n\n<section class=\"image-text-cols content-wrapper half-width anim-section \" id=\"half-width-col-block\">\n    <div class=\"two-col-holder wide-cols\">\n        <div class=\"col right\">\n        <div class=\"reveal anim-image\">\n            <img decoding=\"async\" class=\"img-anim\" src=\"https:\/\/dasc.stg.clp.eu1.madetight.io\/wp-content\/uploads\/2024\/02\/miha.png\" alt=\"\">\n        <\/div>\n        <\/div>\n        <div class=\"col left anim-text\">\n            <div class=\"title-holder with-decoration\">\n                <h3 class=\"reveal-text\">Miha Urek<\/h3>\n                <p>Financial Consultant<\/p>\n            <\/div>\n            <p>Miha Urek, a former professional handball player, is a financial lecturer, financial planner, and financial advisor with over 15 years of experience in the financial services industry. He is the author of the first financial literacy program for professional athletes worldwide, under the auspices of the International Olympic Committee, with the primary goal of establishing a successful education system on managing the personal finances of professional athletes. He is also the author of the book &#8220;The Mindset of a Champion&#8221; \u2013 A Guide to the lifestyle of financial management and asset management for the modern professional athlete, published by the Olympic Committee of Slovenia. Miha is a leading expert in Europe in the field of financial education for professional athletes and an expert in personal financial consulting, asset management, and financial planning.<\/p>\n        <\/div>\n    <\/div>\n<\/section>\n\n<div class=\"coaches-grid\">\n    <div class=\"wrapper\">\n        <h3 class=\"reveal-text\">\n            Staff        <\/h3>\n        <div class=\"coaches-holder\">\n                                                <div class=\"coach\">\n                        <img decoding=\"async\" src=\"https:\/\/dasc.stg.clp.eu1.madetight.io\/wp-content\/uploads\/2024\/03\/luka.png\" alt=\"Luka An\u0111u\u0161i\u0107\">\n                        <h4>\n                            Luka An\u0111u\u0161i\u0107                        <\/h4>\n                        <p>\n                            Camp Director                        <\/p>\n                    <\/div>\n                                    <div class=\"coach\">\n                        <img decoding=\"async\" src=\"https:\/\/dasc.stg.clp.eu1.madetight.io\/wp-content\/uploads\/2024\/03\/Frame-1000008078-1.png\" alt=\"Aleksandar Dedakin\">\n                        <h4>\n                            Aleksandar Dedakin                        <\/h4>\n                        <p>\n                            Operations Manager                        <\/p>\n                    <\/div>\n                                    <\/div>\n    <\/div>\n<\/div>\n\n\n\n<section class=\"counter-section content-wrapper \">\n    <div class=\"counter-content-holder\">\n        <p>\n                    <\/p>\n        <div class=\"counter\">\n            <div class=\"item\">\n                <h6><span id=\"days\"><\/span><\/h6>\n                <p>\n                    days                <\/p>\n            <\/div>\n            <div class=\"item\">\n                <h6><span id=\"hours\"><\/span><\/h6>\n                <p>\n                    hours                <\/p>\n            <\/div>\n            <div class=\"item\">\n                <h6><span id=\"minutes\"><\/span><\/h6>\n                <p>\n                    minutes                <\/p>\n            <\/div>\n            <div class=\"item\">\n                <h6><span id=\"seconds\"><\/span><\/h6>\n                <p>\n                    seconds                <\/p>\n            <\/div>\n        <\/div>\n        <h3 class=\"reveal-text\">\n            Secure Your Spot Before It's Too Late!        <\/h3>\n        <p>\n            Limited Availability \u2013 Don't Miss Your Chance to Join Danilo Andju\u0161i\u0107 Shooting Camp available: June 23rd - July 11th 2025        <\/p>\n        <button class=\"violet with-front-arrow\"\n            onclick=\"window.location.href = 'https:\/\/dasc.stg.clp.eu1.madetight.io\/en\/register\/'\">\n            REGISTER NOW        <\/button>\n    <\/div>\n    <div id=\"counter-ending-date\" style=\"display: none\">\n            <\/div>\n<\/section>","protected":false},"excerpt":{"rendered":"","protected":false},"author":1,"featured_media":0,"parent":0,"menu_order":2,"comment_status":"closed","ping_status":"closed","template":"","meta":{"inline_featured_image":false,"footnotes":""},"class_list":["post-24","page","type-page","status-publish","hentry"],"acf":[],"yoast_head":"<!-- This site is optimized with the Yoast SEO plugin v22.2 - https:\/\/yoast.com\/wordpress\/plugins\/seo\/ -->\n<title>Coaches &amp; Staff - Danilo An\u0111u\u0161i\u0107 Basktball Camp<\/title>\n<meta name=\"description\" content=\"Meet our experienced coaches at Andjusic Shooting Camp. Learn from the best to enhance your basketball skills and reach your full potential.\" \/>\n<meta name=\"robots\" content=\"index, follow, max-snippet:-1, max-image-preview:large, max-video-preview:-1\" \/>\n<link rel=\"canonical\" href=\"https:\/\/dasc.stg.clp.eu1.madetight.io\/en\/coaches\/\" \/>\n<meta property=\"og:locale\" content=\"en_US\" \/>\n<meta property=\"og:type\" content=\"article\" \/>\n<meta property=\"og:title\" content=\"Coaches &amp; Staff - Danilo An\u0111u\u0161i\u0107 Basktball Camp\" \/>\n<meta property=\"og:description\" content=\"Meet our experienced coaches at Andjusic Shooting Camp. Learn from the best to enhance your basketball skills and reach your full potential.\" \/>\n<meta property=\"og:url\" content=\"https:\/\/dasc.stg.clp.eu1.madetight.io\/en\/coaches\/\" \/>\n<meta property=\"og:site_name\" content=\"DANILO AN\u0110U\u0160I\u0106 SHOOTING CAMP\" \/>\n<meta property=\"article:modified_time\" content=\"2025-01-28T11:36:10+00:00\" \/>\n<meta property=\"og:image\" content=\"https:\/\/dasc.stg.clp.eu1.madetight.io\/wp-content\/uploads\/2024\/03\/danilo-andjusic-shooting-camp-og-image.png\" \/>\n\t<meta property=\"og:image:width\" content=\"2048\" \/>\n\t<meta property=\"og:image:height\" content=\"1024\" \/>\n\t<meta property=\"og:image:type\" content=\"image\/png\" \/>\n<meta name=\"twitter:card\" content=\"summary_large_image\" \/>\n<script type=\"application\/ld+json\" class=\"yoast-schema-graph\">{\"@context\":\"https:\/\/schema.org\",\"@graph\":[{\"@type\":\"WebPage\",\"@id\":\"https:\/\/dasc.stg.clp.eu1.madetight.io\/en\/coaches\/\",\"url\":\"https:\/\/dasc.stg.clp.eu1.madetight.io\/en\/coaches\/\",\"name\":\"Coaches & Staff - Danilo An\u0111u\u0161i\u0107 Basktball Camp\",\"isPartOf\":{\"@id\":\"https:\/\/dasc.stg.clp.eu1.madetight.io\/#website\"},\"datePublished\":\"2024-01-17T15:04:12+00:00\",\"dateModified\":\"2025-01-28T11:36:10+00:00\",\"description\":\"Meet our experienced coaches at Andjusic Shooting Camp. Learn from the best to enhance your basketball skills and reach your full potential.\",\"breadcrumb\":{\"@id\":\"https:\/\/dasc.stg.clp.eu1.madetight.io\/en\/coaches\/#breadcrumb\"},\"inLanguage\":\"en-US\",\"potentialAction\":[{\"@type\":\"ReadAction\",\"target\":[\"https:\/\/dasc.stg.clp.eu1.madetight.io\/en\/coaches\/\"]}]},{\"@type\":\"BreadcrumbList\",\"@id\":\"https:\/\/dasc.stg.clp.eu1.madetight.io\/en\/coaches\/#breadcrumb\",\"itemListElement\":[{\"@type\":\"ListItem\",\"position\":1,\"name\":\"Home\",\"item\":\"https:\/\/dasc.stg.clp.eu1.madetight.io\/en\/\"},{\"@type\":\"ListItem\",\"position\":2,\"name\":\"Coaches\"}]},{\"@type\":\"WebSite\",\"@id\":\"https:\/\/dasc.stg.clp.eu1.madetight.io\/#website\",\"url\":\"https:\/\/dasc.stg.clp.eu1.madetight.io\/\",\"name\":\"andjusicshootingcamp.com\",\"description\":\"Pridru\u017eite se na\u0161em ko\u0161arka\u0161kom kampu od 1. do 13. jula.\",\"publisher\":{\"@id\":\"https:\/\/dasc.stg.clp.eu1.madetight.io\/#organization\"},\"alternateName\":\"AN\u0110U\u0160I\u0106 SHOOTING CAMP\",\"potentialAction\":[{\"@type\":\"SearchAction\",\"target\":{\"@type\":\"EntryPoint\",\"urlTemplate\":\"https:\/\/dasc.stg.clp.eu1.madetight.io\/?s={search_term_string}\"},\"query-input\":\"required name=search_term_string\"}],\"inLanguage\":\"en-US\"},{\"@type\":\"Organization\",\"@id\":\"https:\/\/dasc.stg.clp.eu1.madetight.io\/#organization\",\"name\":\"andjusicshootingcamp.com\",\"alternateName\":\"AN\u0110U\u0160I\u0106 SHOOTING CAMP\",\"url\":\"https:\/\/dasc.stg.clp.eu1.madetight.io\/\",\"logo\":{\"@type\":\"ImageObject\",\"inLanguage\":\"en-US\",\"@id\":\"https:\/\/dasc.stg.clp.eu1.madetight.io\/#\/schema\/logo\/image\/\",\"url\":\"https:\/\/dasc.stg.clp.eu1.madetight.io\/wp-content\/uploads\/2024\/03\/favicon-1.png\",\"contentUrl\":\"https:\/\/dasc.stg.clp.eu1.madetight.io\/wp-content\/uploads\/2024\/03\/favicon-1.png\",\"width\":480,\"height\":480,\"caption\":\"andjusicshootingcamp.com\"},\"image\":{\"@id\":\"https:\/\/dasc.stg.clp.eu1.madetight.io\/#\/schema\/logo\/image\/\"},\"sameAs\":[\"https:\/\/www.instagram.com\/daniloandjusic.shootingcamp\/\"]}]}<\/script>\n<!-- \/ Yoast SEO plugin. -->","yoast_head_json":{"title":"Coaches & Staff - Danilo An\u0111u\u0161i\u0107 Basktball Camp","description":"Meet our experienced coaches at Andjusic Shooting Camp. Learn from the best to enhance your basketball skills and reach your full potential.","robots":{"index":"index","follow":"follow","max-snippet":"max-snippet:-1","max-image-preview":"max-image-preview:large","max-video-preview":"max-video-preview:-1"},"canonical":"https:\/\/dasc.stg.clp.eu1.madetight.io\/en\/coaches\/","og_locale":"en_US","og_type":"article","og_title":"Coaches & Staff - Danilo An\u0111u\u0161i\u0107 Basktball Camp","og_description":"Meet our experienced coaches at Andjusic Shooting Camp. Learn from the best to enhance your basketball skills and reach your full potential.","og_url":"https:\/\/dasc.stg.clp.eu1.madetight.io\/en\/coaches\/","og_site_name":"DANILO AN\u0110U\u0160I\u0106 SHOOTING CAMP","article_modified_time":"2025-01-28T11:36:10+00:00","og_image":[{"width":2048,"height":1024,"url":"https:\/\/dasc.stg.clp.eu1.madetight.io\/wp-content\/uploads\/2024\/03\/danilo-andjusic-shooting-camp-og-image.png","type":"image\/png"}],"twitter_card":"summary_large_image","schema":{"@context":"https:\/\/schema.org","@graph":[{"@type":"WebPage","@id":"https:\/\/dasc.stg.clp.eu1.madetight.io\/en\/coaches\/","url":"https:\/\/dasc.stg.clp.eu1.madetight.io\/en\/coaches\/","name":"Coaches & Staff - Danilo An\u0111u\u0161i\u0107 Basktball Camp","isPartOf":{"@id":"https:\/\/dasc.stg.clp.eu1.madetight.io\/#website"},"datePublished":"2024-01-17T15:04:12+00:00","dateModified":"2025-01-28T11:36:10+00:00","description":"Meet our experienced coaches at Andjusic Shooting Camp. Learn from the best to enhance your basketball skills and reach your full potential.","breadcrumb":{"@id":"https:\/\/dasc.stg.clp.eu1.madetight.io\/en\/coaches\/#breadcrumb"},"inLanguage":"en-US","potentialAction":[{"@type":"ReadAction","target":["https:\/\/dasc.stg.clp.eu1.madetight.io\/en\/coaches\/"]}]},{"@type":"BreadcrumbList","@id":"https:\/\/dasc.stg.clp.eu1.madetight.io\/en\/coaches\/#breadcrumb","itemListElement":[{"@type":"ListItem","position":1,"name":"Home","item":"https:\/\/dasc.stg.clp.eu1.madetight.io\/en\/"},{"@type":"ListItem","position":2,"name":"Coaches"}]},{"@type":"WebSite","@id":"https:\/\/dasc.stg.clp.eu1.madetight.io\/#website","url":"https:\/\/dasc.stg.clp.eu1.madetight.io\/","name":"andjusicshootingcamp.com","description":"Pridru\u017eite se na\u0161em ko\u0161arka\u0161kom kampu od 1. do 13. jula.","publisher":{"@id":"https:\/\/dasc.stg.clp.eu1.madetight.io\/#organization"},"alternateName":"AN\u0110U\u0160I\u0106 SHOOTING CAMP","potentialAction":[{"@type":"SearchAction","target":{"@type":"EntryPoint","urlTemplate":"https:\/\/dasc.stg.clp.eu1.madetight.io\/?s={search_term_string}"},"query-input":"required name=search_term_string"}],"inLanguage":"en-US"},{"@type":"Organization","@id":"https:\/\/dasc.stg.clp.eu1.madetight.io\/#organization","name":"andjusicshootingcamp.com","alternateName":"AN\u0110U\u0160I\u0106 SHOOTING CAMP","url":"https:\/\/dasc.stg.clp.eu1.madetight.io\/","logo":{"@type":"ImageObject","inLanguage":"en-US","@id":"https:\/\/dasc.stg.clp.eu1.madetight.io\/#\/schema\/logo\/image\/","url":"https:\/\/dasc.stg.clp.eu1.madetight.io\/wp-content\/uploads\/2024\/03\/favicon-1.png","contentUrl":"https:\/\/dasc.stg.clp.eu1.madetight.io\/wp-content\/uploads\/2024\/03\/favicon-1.png","width":480,"height":480,"caption":"andjusicshootingcamp.com"},"image":{"@id":"https:\/\/dasc.stg.clp.eu1.madetight.io\/#\/schema\/logo\/image\/"},"sameAs":["https:\/\/www.instagram.com\/daniloandjusic.shootingcamp\/"]}]}},"_links":{"self":[{"href":"https:\/\/dasc.stg.clp.eu1.madetight.io\/en\/wp-json\/wp\/v2\/pages\/24","targetHints":{"allow":["GET"]}}],"collection":[{"href":"https:\/\/dasc.stg.clp.eu1.madetight.io\/en\/wp-json\/wp\/v2\/pages"}],"about":[{"href":"https:\/\/dasc.stg.clp.eu1.madetight.io\/en\/wp-json\/wp\/v2\/types\/page"}],"author":[{"embeddable":true,"href":"https:\/\/dasc.stg.clp.eu1.madetight.io\/en\/wp-json\/wp\/v2\/users\/1"}],"replies":[{"embeddable":true,"href":"https:\/\/dasc.stg.clp.eu1.madetight.io\/en\/wp-json\/wp\/v2\/comments?post=24"}],"version-history":[{"count":137,"href":"https:\/\/dasc.stg.clp.eu1.madetight.io\/en\/wp-json\/wp\/v2\/pages\/24\/revisions"}],"predecessor-version":[{"id":1444,"href":"https:\/\/dasc.stg.clp.eu1.madetight.io\/en\/wp-json\/wp\/v2\/pages\/24\/revisions\/1444"}],"wp:attachment":[{"href":"https:\/\/dasc.stg.clp.eu1.madetight.io\/en\/wp-json\/wp\/v2\/media?parent=24"}],"curies":[{"name":"wp","href":"https:\/\/api.w.org\/{rel}","templated":true}]}}