{"id":1401,"date":"2025-01-28T10:35:42","date_gmt":"2025-01-28T10:35:42","guid":{"rendered":"https:\/\/dasc.stg.clp.eu1.madetight.io\/?page_id=1401"},"modified":"2025-01-28T10:43:14","modified_gmt":"2025-01-28T10:43:14","slug":"camp-2024","status":"publish","type":"page","link":"https:\/\/dasc.stg.clp.eu1.madetight.io\/en\/camp-2024\/","title":{"rendered":"Camp 2024"},"content":{"rendered":"<section class=\"banner-section wide\" \n    data-desktop-bg=\"https:\/\/dasc.stg.clp.eu1.madetight.io\/wp-content\/uploads\/2025\/01\/CHI_2233-2.png\"\n    data-mobile-bg=\"https:\/\/dasc.stg.clp.eu1.madetight.io\/wp-content\/uploads\/2025\/01\/CHI_2233-2.png\"\n>\n    <div class=\"banner-content\">\n        <h1><\/h1>\n        <p><\/p>\n    <\/div>\n        <div class=\"yt-overlay up\"><\/div>\n    <div class=\"yt-overlay down\"><\/div>\n<\/section>\n\n<script>\n\/\/ Immediately set the background when the element is parsed\n(function() {\n    function updateBannerBackground() {\n        const banner = document.querySelector('.banner-section');\n        if (!banner) return;\n\n        const isMobile = window.innerWidth <= 768;\n        const image = isMobile \n            ? banner.getAttribute('data-mobile-bg') \n            : banner.getAttribute('data-desktop-bg');\n        banner.style.backgroundImage = `url('${image}')`;\n    }\n\n    \/\/ Initial call to set background immediately\n    updateBannerBackground();\n    \/\/ Update on resize\n    window.addEventListener('resize', updateBannerBackground);\n})();\n<\/script>\n\n<section class=\"image-text-cols content-wrapper anim-section\">\n    <h3 class=\"with-decoration about reveal-text\">\n        A Global Gathering of Young Basketball Enthusiasts    <\/h3>\n    <div class=\"two-col-holder\">\n        <div class=\"col right\">\n                        <div class=\"reveal anim-image\">\n                <img decoding=\"async\" class=\"img-anim\" src=\"https:\/\/dasc.stg.clp.eu1.madetight.io\/wp-content\/uploads\/2025\/01\/CHI_0750-1.png\" alt=\"\">\n            <\/div>\n        <\/div>\n        <div class=\"col left narrow anim-text\">\n            <div class=\"text-holder anim-text\">\n                <p>\n                    The previous Danilo An\u0111u\u0161i\u0107 Shooting Camp was a resounding success, bringing together 76 young athletes from 9 different countries. Over the course of the camp, we focused not only on enhancing their basketball skills\u2014particularly shooting technique and game understanding\u2014but also on developing essential off-court skills such as teamwork, discipline, and mental toughness.                <\/p>\n            <\/div>\n        <\/div>\n<\/section>\n\n<div class=\"two-col-holder content-wrapper with-video anim-section\">\n    <div class=\"col right anim-text\">\n        <h3 class=\"with-decoration reveal-text\">Focused Training and Holistic Development<\/h3>\n        <p class=\"anim-text\">The energy and dedication from the participants were incredible, and the positive feedback from players and parents alike confirmed the impact of our efforts. It was a memorable experience that inspired growth both on and off the court.\r\n<\/p>\n    <\/div>\n    <div class=\"col left narrow\">\n                    <div class=\"about-video\">\n            <div class=\"reveal anim-image\">\n                <img decoding=\"async\" class=\"img-anim\" src=\"https:\/\/dasc.stg.clp.eu1.madetight.io\/wp-content\/uploads\/2025\/01\/Frame-1000008106.png\" alt=\"User uploaded image\">\n            <\/div>\n            <\/div>\n            <\/div>\n<\/div>\n\n\n\n<section class=\"counter-section content-wrapper \">\n    <div class=\"counter-content-holder\">\n        <p>\n                    <\/p>\n        <div class=\"counter\">\n            <div class=\"item\">\n                <h6><span id=\"days\"><\/span><\/h6>\n                <p>\n                    days                <\/p>\n            <\/div>\n            <div class=\"item\">\n                <h6><span id=\"hours\"><\/span><\/h6>\n                <p>\n                    hours                <\/p>\n            <\/div>\n            <div class=\"item\">\n                <h6><span id=\"minutes\"><\/span><\/h6>\n                <p>\n                    minutes                <\/p>\n            <\/div>\n            <div class=\"item\">\n                <h6><span id=\"seconds\"><\/span><\/h6>\n                <p>\n                    seconds                <\/p>\n            <\/div>\n        <\/div>\n        <h3 class=\"reveal-text\">\n            Secure Your Spot Before It's Too Late!        <\/h3>\n        <p>\n            Limited Availability \u2013 Don't Miss Your Chance to Join Danilo Andju\u0161i\u0107 Shooting Camp available: June 23rd - July 11th 2025        <\/p>\n        <button class=\"violet with-front-arrow\"\n            onclick=\"window.location.href = 'https:\/\/dasc.stg.clp.eu1.madetight.io\/en\/register\/'\">\n            REGISTER NOW        <\/button>\n    <\/div>\n    <div id=\"counter-ending-date\" style=\"display: none\">\n            <\/div>\n<\/section>","protected":false},"excerpt":{"rendered":"","protected":false},"author":1,"featured_media":0,"parent":0,"menu_order":0,"comment_status":"closed","ping_status":"closed","template":"","meta":{"inline_featured_image":false,"footnotes":""},"class_list":["post-1401","page","type-page","status-publish","hentry"],"acf":[],"yoast_head":"<!-- This site is optimized with the Yoast SEO plugin v22.2 - https:\/\/yoast.com\/wordpress\/plugins\/seo\/ -->\n<title>Camp 2024 - DANILO AN\u0110U\u0160I\u0106 SHOOTING CAMP<\/title>\n<meta name=\"robots\" content=\"index, follow, max-snippet:-1, max-image-preview:large, max-video-preview:-1\" \/>\n<link rel=\"canonical\" href=\"https:\/\/dasc.stg.clp.eu1.madetight.io\/en\/camp-2024\/\" \/>\n<meta property=\"og:locale\" content=\"en_US\" \/>\n<meta property=\"og:type\" content=\"article\" \/>\n<meta property=\"og:title\" content=\"Camp 2024 - DANILO AN\u0110U\u0160I\u0106 SHOOTING CAMP\" \/>\n<meta property=\"og:url\" content=\"https:\/\/dasc.stg.clp.eu1.madetight.io\/en\/camp-2024\/\" \/>\n<meta property=\"og:site_name\" content=\"DANILO AN\u0110U\u0160I\u0106 SHOOTING CAMP\" \/>\n<meta property=\"article:modified_time\" content=\"2025-01-28T10:43:14+00:00\" \/>\n<meta property=\"og:image\" content=\"https:\/\/dasc.stg.clp.eu1.madetight.io\/wp-content\/uploads\/2024\/03\/danilo-andjusic-shooting-camp-og-image.png\" \/>\n\t<meta property=\"og:image:width\" content=\"2048\" \/>\n\t<meta property=\"og:image:height\" content=\"1024\" \/>\n\t<meta property=\"og:image:type\" content=\"image\/png\" \/>\n<meta name=\"twitter:card\" content=\"summary_large_image\" \/>\n<script type=\"application\/ld+json\" class=\"yoast-schema-graph\">{\"@context\":\"https:\/\/schema.org\",\"@graph\":[{\"@type\":\"WebPage\",\"@id\":\"https:\/\/dasc.stg.clp.eu1.madetight.io\/en\/camp-2024\/\",\"url\":\"https:\/\/dasc.stg.clp.eu1.madetight.io\/en\/camp-2024\/\",\"name\":\"Camp 2024 - DANILO AN\u0110U\u0160I\u0106 SHOOTING CAMP\",\"isPartOf\":{\"@id\":\"https:\/\/dasc.stg.clp.eu1.madetight.io\/#website\"},\"datePublished\":\"2025-01-28T10:35:42+00:00\",\"dateModified\":\"2025-01-28T10:43:14+00:00\",\"breadcrumb\":{\"@id\":\"https:\/\/dasc.stg.clp.eu1.madetight.io\/en\/camp-2024\/#breadcrumb\"},\"inLanguage\":\"en-US\",\"potentialAction\":[{\"@type\":\"ReadAction\",\"target\":[\"https:\/\/dasc.stg.clp.eu1.madetight.io\/en\/camp-2024\/\"]}]},{\"@type\":\"BreadcrumbList\",\"@id\":\"https:\/\/dasc.stg.clp.eu1.madetight.io\/en\/camp-2024\/#breadcrumb\",\"itemListElement\":[{\"@type\":\"ListItem\",\"position\":1,\"name\":\"Home\",\"item\":\"https:\/\/dasc.stg.clp.eu1.madetight.io\/en\/\"},{\"@type\":\"ListItem\",\"position\":2,\"name\":\"Camp 2024\"}]},{\"@type\":\"WebSite\",\"@id\":\"https:\/\/dasc.stg.clp.eu1.madetight.io\/#website\",\"url\":\"https:\/\/dasc.stg.clp.eu1.madetight.io\/\",\"name\":\"andjusicshootingcamp.com\",\"description\":\"Pridru\u017eite se na\u0161em ko\u0161arka\u0161kom kampu od 1. do 13. jula.\",\"publisher\":{\"@id\":\"https:\/\/dasc.stg.clp.eu1.madetight.io\/#organization\"},\"alternateName\":\"AN\u0110U\u0160I\u0106 SHOOTING CAMP\",\"potentialAction\":[{\"@type\":\"SearchAction\",\"target\":{\"@type\":\"EntryPoint\",\"urlTemplate\":\"https:\/\/dasc.stg.clp.eu1.madetight.io\/?s={search_term_string}\"},\"query-input\":\"required name=search_term_string\"}],\"inLanguage\":\"en-US\"},{\"@type\":\"Organization\",\"@id\":\"https:\/\/dasc.stg.clp.eu1.madetight.io\/#organization\",\"name\":\"andjusicshootingcamp.com\",\"alternateName\":\"AN\u0110U\u0160I\u0106 SHOOTING CAMP\",\"url\":\"https:\/\/dasc.stg.clp.eu1.madetight.io\/\",\"logo\":{\"@type\":\"ImageObject\",\"inLanguage\":\"en-US\",\"@id\":\"https:\/\/dasc.stg.clp.eu1.madetight.io\/#\/schema\/logo\/image\/\",\"url\":\"https:\/\/dasc.stg.clp.eu1.madetight.io\/wp-content\/uploads\/2024\/03\/favicon-1.png\",\"contentUrl\":\"https:\/\/dasc.stg.clp.eu1.madetight.io\/wp-content\/uploads\/2024\/03\/favicon-1.png\",\"width\":480,\"height\":480,\"caption\":\"andjusicshootingcamp.com\"},\"image\":{\"@id\":\"https:\/\/dasc.stg.clp.eu1.madetight.io\/#\/schema\/logo\/image\/\"},\"sameAs\":[\"https:\/\/www.instagram.com\/daniloandjusic.shootingcamp\/\"]}]}<\/script>\n<!-- \/ Yoast SEO plugin. -->","yoast_head_json":{"title":"Camp 2024 - DANILO AN\u0110U\u0160I\u0106 SHOOTING CAMP","robots":{"index":"index","follow":"follow","max-snippet":"max-snippet:-1","max-image-preview":"max-image-preview:large","max-video-preview":"max-video-preview:-1"},"canonical":"https:\/\/dasc.stg.clp.eu1.madetight.io\/en\/camp-2024\/","og_locale":"en_US","og_type":"article","og_title":"Camp 2024 - DANILO AN\u0110U\u0160I\u0106 SHOOTING CAMP","og_url":"https:\/\/dasc.stg.clp.eu1.madetight.io\/en\/camp-2024\/","og_site_name":"DANILO AN\u0110U\u0160I\u0106 SHOOTING CAMP","article_modified_time":"2025-01-28T10:43:14+00:00","og_image":[{"width":2048,"height":1024,"url":"https:\/\/dasc.stg.clp.eu1.madetight.io\/wp-content\/uploads\/2024\/03\/danilo-andjusic-shooting-camp-og-image.png","type":"image\/png"}],"twitter_card":"summary_large_image","schema":{"@context":"https:\/\/schema.org","@graph":[{"@type":"WebPage","@id":"https:\/\/dasc.stg.clp.eu1.madetight.io\/en\/camp-2024\/","url":"https:\/\/dasc.stg.clp.eu1.madetight.io\/en\/camp-2024\/","name":"Camp 2024 - DANILO AN\u0110U\u0160I\u0106 SHOOTING CAMP","isPartOf":{"@id":"https:\/\/dasc.stg.clp.eu1.madetight.io\/#website"},"datePublished":"2025-01-28T10:35:42+00:00","dateModified":"2025-01-28T10:43:14+00:00","breadcrumb":{"@id":"https:\/\/dasc.stg.clp.eu1.madetight.io\/en\/camp-2024\/#breadcrumb"},"inLanguage":"en-US","potentialAction":[{"@type":"ReadAction","target":["https:\/\/dasc.stg.clp.eu1.madetight.io\/en\/camp-2024\/"]}]},{"@type":"BreadcrumbList","@id":"https:\/\/dasc.stg.clp.eu1.madetight.io\/en\/camp-2024\/#breadcrumb","itemListElement":[{"@type":"ListItem","position":1,"name":"Home","item":"https:\/\/dasc.stg.clp.eu1.madetight.io\/en\/"},{"@type":"ListItem","position":2,"name":"Camp 2024"}]},{"@type":"WebSite","@id":"https:\/\/dasc.stg.clp.eu1.madetight.io\/#website","url":"https:\/\/dasc.stg.clp.eu1.madetight.io\/","name":"andjusicshootingcamp.com","description":"Pridru\u017eite se na\u0161em ko\u0161arka\u0161kom kampu od 1. do 13. jula.","publisher":{"@id":"https:\/\/dasc.stg.clp.eu1.madetight.io\/#organization"},"alternateName":"AN\u0110U\u0160I\u0106 SHOOTING CAMP","potentialAction":[{"@type":"SearchAction","target":{"@type":"EntryPoint","urlTemplate":"https:\/\/dasc.stg.clp.eu1.madetight.io\/?s={search_term_string}"},"query-input":"required name=search_term_string"}],"inLanguage":"en-US"},{"@type":"Organization","@id":"https:\/\/dasc.stg.clp.eu1.madetight.io\/#organization","name":"andjusicshootingcamp.com","alternateName":"AN\u0110U\u0160I\u0106 SHOOTING CAMP","url":"https:\/\/dasc.stg.clp.eu1.madetight.io\/","logo":{"@type":"ImageObject","inLanguage":"en-US","@id":"https:\/\/dasc.stg.clp.eu1.madetight.io\/#\/schema\/logo\/image\/","url":"https:\/\/dasc.stg.clp.eu1.madetight.io\/wp-content\/uploads\/2024\/03\/favicon-1.png","contentUrl":"https:\/\/dasc.stg.clp.eu1.madetight.io\/wp-content\/uploads\/2024\/03\/favicon-1.png","width":480,"height":480,"caption":"andjusicshootingcamp.com"},"image":{"@id":"https:\/\/dasc.stg.clp.eu1.madetight.io\/#\/schema\/logo\/image\/"},"sameAs":["https:\/\/www.instagram.com\/daniloandjusic.shootingcamp\/"]}]}},"_links":{"self":[{"href":"https:\/\/dasc.stg.clp.eu1.madetight.io\/en\/wp-json\/wp\/v2\/pages\/1401","targetHints":{"allow":["GET"]}}],"collection":[{"href":"https:\/\/dasc.stg.clp.eu1.madetight.io\/en\/wp-json\/wp\/v2\/pages"}],"about":[{"href":"https:\/\/dasc.stg.clp.eu1.madetight.io\/en\/wp-json\/wp\/v2\/types\/page"}],"author":[{"embeddable":true,"href":"https:\/\/dasc.stg.clp.eu1.madetight.io\/en\/wp-json\/wp\/v2\/users\/1"}],"replies":[{"embeddable":true,"href":"https:\/\/dasc.stg.clp.eu1.madetight.io\/en\/wp-json\/wp\/v2\/comments?post=1401"}],"version-history":[{"count":6,"href":"https:\/\/dasc.stg.clp.eu1.madetight.io\/en\/wp-json\/wp\/v2\/pages\/1401\/revisions"}],"predecessor-version":[{"id":1455,"href":"https:\/\/dasc.stg.clp.eu1.madetight.io\/en\/wp-json\/wp\/v2\/pages\/1401\/revisions\/1455"}],"wp:attachment":[{"href":"https:\/\/dasc.stg.clp.eu1.madetight.io\/en\/wp-json\/wp\/v2\/media?parent=1401"}],"curies":[{"name":"wp","href":"https:\/\/api.w.org\/{rel}","templated":true}]}}