{"id":1106,"date":"2024-03-01T16:26:51","date_gmt":"2024-03-01T16:26:51","guid":{"rendered":"https:\/\/dasc.stg.clp.eu1.madetight.io\/?page_id=1106"},"modified":"2024-03-04T17:10:07","modified_gmt":"2024-03-04T17:10:07","slug":"thank-you","status":"publish","type":"page","link":"https:\/\/dasc.stg.clp.eu1.madetight.io\/en\/thank-you\/","title":{"rendered":"Thank you"},"content":{"rendered":"","protected":false},"excerpt":{"rendered":"","protected":false},"author":1,"featured_media":0,"parent":0,"menu_order":12,"comment_status":"closed","ping_status":"closed","template":"","meta":{"inline_featured_image":false,"footnotes":""},"class_list":["post-1106","page","type-page","status-publish","hentry"],"acf":[],"yoast_head":"<!-- This site is optimized with the Yoast SEO plugin v22.2 - https:\/\/yoast.com\/wordpress\/plugins\/seo\/ -->\n<title>Thank you - DANILO AN\u0110U\u0160I\u0106 SHOOTING CAMP<\/title>\n<meta name=\"robots\" content=\"index, follow, max-snippet:-1, max-image-preview:large, max-video-preview:-1\" \/>\n<link rel=\"canonical\" href=\"https:\/\/dasc.stg.clp.eu1.madetight.io\/en\/thank-you\/\" \/>\n<meta property=\"og:locale\" content=\"en_US\" \/>\n<meta property=\"og:type\" content=\"article\" \/>\n<meta property=\"og:title\" content=\"Thank you - DANILO AN\u0110U\u0160I\u0106 SHOOTING CAMP\" \/>\n<meta property=\"og:url\" content=\"https:\/\/dasc.stg.clp.eu1.madetight.io\/en\/thank-you\/\" \/>\n<meta property=\"og:site_name\" content=\"DANILO AN\u0110U\u0160I\u0106 SHOOTING CAMP\" \/>\n<meta property=\"article:modified_time\" content=\"2024-03-04T17:10:07+00:00\" \/>\n<meta property=\"og:image\" content=\"https:\/\/dasc.stg.clp.eu1.madetight.io\/wp-content\/uploads\/2024\/03\/danilo-andjusic-shooting-camp-og-image.png\" \/>\n\t<meta property=\"og:image:width\" content=\"2048\" \/>\n\t<meta property=\"og:image:height\" content=\"1024\" \/>\n\t<meta property=\"og:image:type\" content=\"image\/png\" \/>\n<meta name=\"twitter:card\" content=\"summary_large_image\" \/>\n<script type=\"application\/ld+json\" class=\"yoast-schema-graph\">{\"@context\":\"https:\/\/schema.org\",\"@graph\":[{\"@type\":\"WebPage\",\"@id\":\"https:\/\/dasc.stg.clp.eu1.madetight.io\/en\/thank-you\/\",\"url\":\"https:\/\/dasc.stg.clp.eu1.madetight.io\/en\/thank-you\/\",\"name\":\"Thank you - DANILO AN\u0110U\u0160I\u0106 SHOOTING CAMP\",\"isPartOf\":{\"@id\":\"https:\/\/dasc.stg.clp.eu1.madetight.io\/#website\"},\"datePublished\":\"2024-03-01T16:26:51+00:00\",\"dateModified\":\"2024-03-04T17:10:07+00:00\",\"breadcrumb\":{\"@id\":\"https:\/\/dasc.stg.clp.eu1.madetight.io\/en\/thank-you\/#breadcrumb\"},\"inLanguage\":\"en-US\",\"potentialAction\":[{\"@type\":\"ReadAction\",\"target\":[\"https:\/\/dasc.stg.clp.eu1.madetight.io\/en\/thank-you\/\"]}]},{\"@type\":\"BreadcrumbList\",\"@id\":\"https:\/\/dasc.stg.clp.eu1.madetight.io\/en\/thank-you\/#breadcrumb\",\"itemListElement\":[{\"@type\":\"ListItem\",\"position\":1,\"name\":\"Home\",\"item\":\"https:\/\/dasc.stg.clp.eu1.madetight.io\/en\/\"},{\"@type\":\"ListItem\",\"position\":2,\"name\":\"Thank you\"}]},{\"@type\":\"WebSite\",\"@id\":\"https:\/\/dasc.stg.clp.eu1.madetight.io\/#website\",\"url\":\"https:\/\/dasc.stg.clp.eu1.madetight.io\/\",\"name\":\"andjusicshootingcamp.com\",\"description\":\"Pridru\u017eite se na\u0161em ko\u0161arka\u0161kom kampu od 1. do 13. jula.\",\"publisher\":{\"@id\":\"https:\/\/dasc.stg.clp.eu1.madetight.io\/#organization\"},\"alternateName\":\"AN\u0110U\u0160I\u0106 SHOOTING CAMP\",\"potentialAction\":[{\"@type\":\"SearchAction\",\"target\":{\"@type\":\"EntryPoint\",\"urlTemplate\":\"https:\/\/dasc.stg.clp.eu1.madetight.io\/?s={search_term_string}\"},\"query-input\":\"required name=search_term_string\"}],\"inLanguage\":\"en-US\"},{\"@type\":\"Organization\",\"@id\":\"https:\/\/dasc.stg.clp.eu1.madetight.io\/#organization\",\"name\":\"andjusicshootingcamp.com\",\"alternateName\":\"AN\u0110U\u0160I\u0106 SHOOTING CAMP\",\"url\":\"https:\/\/dasc.stg.clp.eu1.madetight.io\/\",\"logo\":{\"@type\":\"ImageObject\",\"inLanguage\":\"en-US\",\"@id\":\"https:\/\/dasc.stg.clp.eu1.madetight.io\/#\/schema\/logo\/image\/\",\"url\":\"https:\/\/dasc.stg.clp.eu1.madetight.io\/wp-content\/uploads\/2024\/03\/favicon-1.png\",\"contentUrl\":\"https:\/\/dasc.stg.clp.eu1.madetight.io\/wp-content\/uploads\/2024\/03\/favicon-1.png\",\"width\":480,\"height\":480,\"caption\":\"andjusicshootingcamp.com\"},\"image\":{\"@id\":\"https:\/\/dasc.stg.clp.eu1.madetight.io\/#\/schema\/logo\/image\/\"},\"sameAs\":[\"https:\/\/www.instagram.com\/daniloandjusic.shootingcamp\/\"]}]}<\/script>\n<!-- \/ Yoast SEO plugin. -->","yoast_head_json":{"title":"Thank you - DANILO AN\u0110U\u0160I\u0106 SHOOTING CAMP","robots":{"index":"index","follow":"follow","max-snippet":"max-snippet:-1","max-image-preview":"max-image-preview:large","max-video-preview":"max-video-preview:-1"},"canonical":"https:\/\/dasc.stg.clp.eu1.madetight.io\/en\/thank-you\/","og_locale":"en_US","og_type":"article","og_title":"Thank you - DANILO AN\u0110U\u0160I\u0106 SHOOTING CAMP","og_url":"https:\/\/dasc.stg.clp.eu1.madetight.io\/en\/thank-you\/","og_site_name":"DANILO AN\u0110U\u0160I\u0106 SHOOTING CAMP","article_modified_time":"2024-03-04T17:10:07+00:00","og_image":[{"width":2048,"height":1024,"url":"https:\/\/dasc.stg.clp.eu1.madetight.io\/wp-content\/uploads\/2024\/03\/danilo-andjusic-shooting-camp-og-image.png","type":"image\/png"}],"twitter_card":"summary_large_image","schema":{"@context":"https:\/\/schema.org","@graph":[{"@type":"WebPage","@id":"https:\/\/dasc.stg.clp.eu1.madetight.io\/en\/thank-you\/","url":"https:\/\/dasc.stg.clp.eu1.madetight.io\/en\/thank-you\/","name":"Thank you - DANILO AN\u0110U\u0160I\u0106 SHOOTING CAMP","isPartOf":{"@id":"https:\/\/dasc.stg.clp.eu1.madetight.io\/#website"},"datePublished":"2024-03-01T16:26:51+00:00","dateModified":"2024-03-04T17:10:07+00:00","breadcrumb":{"@id":"https:\/\/dasc.stg.clp.eu1.madetight.io\/en\/thank-you\/#breadcrumb"},"inLanguage":"en-US","potentialAction":[{"@type":"ReadAction","target":["https:\/\/dasc.stg.clp.eu1.madetight.io\/en\/thank-you\/"]}]},{"@type":"BreadcrumbList","@id":"https:\/\/dasc.stg.clp.eu1.madetight.io\/en\/thank-you\/#breadcrumb","itemListElement":[{"@type":"ListItem","position":1,"name":"Home","item":"https:\/\/dasc.stg.clp.eu1.madetight.io\/en\/"},{"@type":"ListItem","position":2,"name":"Thank you"}]},{"@type":"WebSite","@id":"https:\/\/dasc.stg.clp.eu1.madetight.io\/#website","url":"https:\/\/dasc.stg.clp.eu1.madetight.io\/","name":"andjusicshootingcamp.com","description":"Pridru\u017eite se na\u0161em ko\u0161arka\u0161kom kampu od 1. do 13. jula.","publisher":{"@id":"https:\/\/dasc.stg.clp.eu1.madetight.io\/#organization"},"alternateName":"AN\u0110U\u0160I\u0106 SHOOTING CAMP","potentialAction":[{"@type":"SearchAction","target":{"@type":"EntryPoint","urlTemplate":"https:\/\/dasc.stg.clp.eu1.madetight.io\/?s={search_term_string}"},"query-input":"required name=search_term_string"}],"inLanguage":"en-US"},{"@type":"Organization","@id":"https:\/\/dasc.stg.clp.eu1.madetight.io\/#organization","name":"andjusicshootingcamp.com","alternateName":"AN\u0110U\u0160I\u0106 SHOOTING CAMP","url":"https:\/\/dasc.stg.clp.eu1.madetight.io\/","logo":{"@type":"ImageObject","inLanguage":"en-US","@id":"https:\/\/dasc.stg.clp.eu1.madetight.io\/#\/schema\/logo\/image\/","url":"https:\/\/dasc.stg.clp.eu1.madetight.io\/wp-content\/uploads\/2024\/03\/favicon-1.png","contentUrl":"https:\/\/dasc.stg.clp.eu1.madetight.io\/wp-content\/uploads\/2024\/03\/favicon-1.png","width":480,"height":480,"caption":"andjusicshootingcamp.com"},"image":{"@id":"https:\/\/dasc.stg.clp.eu1.madetight.io\/#\/schema\/logo\/image\/"},"sameAs":["https:\/\/www.instagram.com\/daniloandjusic.shootingcamp\/"]}]}},"_links":{"self":[{"href":"https:\/\/dasc.stg.clp.eu1.madetight.io\/en\/wp-json\/wp\/v2\/pages\/1106","targetHints":{"allow":["GET"]}}],"collection":[{"href":"https:\/\/dasc.stg.clp.eu1.madetight.io\/en\/wp-json\/wp\/v2\/pages"}],"about":[{"href":"https:\/\/dasc.stg.clp.eu1.madetight.io\/en\/wp-json\/wp\/v2\/types\/page"}],"author":[{"embeddable":true,"href":"https:\/\/dasc.stg.clp.eu1.madetight.io\/en\/wp-json\/wp\/v2\/users\/1"}],"replies":[{"embeddable":true,"href":"https:\/\/dasc.stg.clp.eu1.madetight.io\/en\/wp-json\/wp\/v2\/comments?post=1106"}],"version-history":[{"count":1,"href":"https:\/\/dasc.stg.clp.eu1.madetight.io\/en\/wp-json\/wp\/v2\/pages\/1106\/revisions"}],"predecessor-version":[{"id":1107,"href":"https:\/\/dasc.stg.clp.eu1.madetight.io\/en\/wp-json\/wp\/v2\/pages\/1106\/revisions\/1107"}],"wp:attachment":[{"href":"https:\/\/dasc.stg.clp.eu1.madetight.io\/en\/wp-json\/wp\/v2\/media?parent=1106"}],"curies":[{"name":"wp","href":"https:\/\/api.w.org\/{rel}","templated":true}]}}